{"id":34,"date":"2019-03-06T09:15:54","date_gmt":"2019-03-06T08:15:54","guid":{"rendered":"https:\/\/www.starkevolksschulezh.ch\/?page_id=34"},"modified":"2025-12-05T14:29:07","modified_gmt":"2025-12-05T13:29:07","slug":"mitglied-werden","status":"publish","type":"page","link":"https:\/\/www.starkevolksschulezh.ch\/?page_id=34","title":{"rendered":"Mitglied werden"},"content":{"rendered":"<p style=\"font-weight: 400;\">Wenn Sie im Verein Starke Volksschule Z\u00fcrich Mitglied werden wollen, kontaktieren Sie uns \u00fcber untenstehendes Formular.<\/p>\n<p style=\"font-weight: 400;\">Wir werden Ihre Daten vertraulich behandeln und nur f\u00fcr die direkten Anliegen des Vereins verwenden. Wir werden Ihre Daten nicht an Marketingagenturen oder nicht unserem Anliegen entsprechende Organisationen weitergeben.<\/p>\n\n<style>@media (max-width:480px){#cp_calculatedfieldsf_pform_1{min-height:772px;}}@media (max-width:1024px){#cp_calculatedfieldsf_pform_1{min-height:690px;}}@media (min-width:1024px){#cp_calculatedfieldsf_pform_1{min-height:690px;}}<\/style><form name=\"cp_calculatedfieldsf_pform_1\" id=\"cp_calculatedfieldsf_pform_1\" action=\"https:\/\/www.starkevolksschulezh.ch\/?page_id=34\" method=\"post\" enctype=\"multipart\/form-data\" onsubmit=\"return fbuilderjQuery.fbuilder.doValidate(this);\" class=\"cff-form no-prefetch  cff-form-8 cp_cff_13\"  dir=\"ltr\" data-nonce=\"2109ff7f57\">\n<iframe name=\"cff_iframe_for_submission_1\" id=\"cff_iframe_for_submission_1\" style=\"display:none;\" data-cff-reset=\"0\"><\/iframe><div class=\"cff-thanks-message\" style=\"display:none;\">Danke f\u00fcr Ihre Anmeldung.<\/div><input type=\"hidden\" name=\"cp_calculatedfieldsf_pform_psequence\" value=\"_1\" \/>\n<input type=\"hidden\" name=\"cp_calculatedfieldsf_id\" value=\"8\" \/>\n<input type=\"hidden\" name=\"cp_ref_page\" value=\"https:\/\/www.starkevolksschulezh.ch\" \/>\n<pre style=\"display:none !important;\"><script data-category=\"functional\" type=\"text\/javascript\">form_structure_1=[[{\"form_identifier\":\"\",\"name\":\"fieldname6\",\"fieldlayout\":\"default\",\"shortlabel\":\"\",\"index\":0,\"ftype\":\"fdiv\",\"userhelp\":\"\",\"audiotutorial\":\"\",\"userhelpTooltip\":false,\"tooltipIcon\":false,\"csslayout\":\"\",\"hidefield\":false,\"advanced\":{\"css\":{\"container\":{\"label\":\"Field container div tag\",\"rules\":{}},\"label\":{\"label\":\"Field label\",\"rules\":{}},\"input\":{\"label\":\"Input tag\",\"rules\":{}},\"help\":{\"label\":\"Instructions for users\",\"rules\":{}}}},\"fields\":[\"fieldname1\",\"fieldname2\"],\"columns\":\"2\",\"align\":\"top\",\"rearrange\":0,\"title\":\"div\",\"_developerNotes\":\"\",\"collapsed\":false,\"fBuild\":{},\"parent\":\"\"},{\"form_identifier\":\"\",\"name\":\"fieldname3\",\"fieldlayout\":\"default\",\"shortlabel\":\"\",\"index\":1,\"ftype\":\"femail\",\"userhelp\":\"\",\"audiotutorial\":\"\",\"userhelpTooltip\":false,\"tooltipIcon\":false,\"csslayout\":\"\",\"hidefield\":false,\"advanced\":{\"css\":{\"container\":{\"label\":\"Field container div tag\",\"rules\":{}},\"label\":{\"label\":\"Field label\",\"rules\":{}},\"input\":{\"label\":\"Input tag\",\"rules\":{}},\"help\":{\"label\":\"Instructions for users\",\"rules\":{}}}},\"title\":\"Email\",\"autocomplete\":\"off\",\"predefined\":\"\",\"predefinedClick\":false,\"required\":true,\"exclude\":false,\"readonly\":false,\"size\":\"large\",\"equalTo\":\"\",\"regExp\":\"\",\"regExpMssg\":\"\",\"fBuild\":{},\"parent\":\"\"},{\"form_identifier\":\"\",\"name\":\"fieldname7\",\"fieldlayout\":\"default\",\"shortlabel\":\"\",\"index\":2,\"ftype\":\"ftext\",\"userhelp\":\"\",\"audiotutorial\":\"\",\"userhelpTooltip\":false,\"tooltipIcon\":false,\"csslayout\":\"\",\"hidefield\":false,\"advanced\":{\"css\":{\"container\":{\"label\":\"Field container div tag\",\"rules\":{}},\"label\":{\"label\":\"Field label\",\"rules\":{}},\"input\":{\"label\":\"Input tag\",\"rules\":{}},\"help\":{\"label\":\"Instructions for users\",\"rules\":{}}}},\"title\":\"Strasse, Nr\",\"autocomplete\":\"off\",\"predefined\":\"\",\"predefinedClick\":false,\"required\":true,\"exclude\":false,\"accept_html\":false,\"readonly\":false,\"size\":\"large\",\"minlength\":\"\",\"maxlength\":\"\",\"equalTo\":\"\",\"regExp\":\"\",\"regExpMssg\":\"\",\"aiAssistant\":false,\"fBuild\":{},\"parent\":\"\"},{\"form_identifier\":\"\",\"name\":\"fieldname8\",\"fieldlayout\":\"default\",\"shortlabel\":\"\",\"index\":3,\"ftype\":\"ftext\",\"userhelp\":\"\",\"audiotutorial\":\"\",\"userhelpTooltip\":false,\"tooltipIcon\":false,\"csslayout\":\"\",\"hidefield\":false,\"advanced\":{\"css\":{\"container\":{\"label\":\"Field container div tag\",\"rules\":{}},\"label\":{\"label\":\"Field label\",\"rules\":{}},\"input\":{\"label\":\"Input tag\",\"rules\":{}},\"help\":{\"label\":\"Instructions for users\",\"rules\":{}}}},\"title\":\"PLZ, Ort\",\"autocomplete\":\"off\",\"predefined\":\"\",\"predefinedClick\":false,\"required\":true,\"exclude\":false,\"accept_html\":false,\"readonly\":false,\"size\":\"large\",\"minlength\":\"\",\"maxlength\":\"\",\"equalTo\":\"\",\"regExp\":\"\",\"regExpMssg\":\"\",\"aiAssistant\":false,\"fBuild\":{},\"parent\":\"\"},{\"form_identifier\":\"\",\"name\":\"fieldname9\",\"fieldlayout\":\"default\",\"shortlabel\":\"\",\"index\":4,\"ftype\":\"fPhone\",\"userhelp\":\"\",\"audiotutorial\":\"\",\"userhelpTooltip\":false,\"tooltipIcon\":false,\"csslayout\":\"\",\"hidefield\":false,\"advanced\":{\"css\":{\"container\":{\"label\":\"Field container div tag\",\"rules\":{}},\"label\":{\"label\":\"Field label\",\"rules\":{}},\"input\":{\"label\":\"Input tag\",\"rules\":{}},\"help\":{\"label\":\"Instructions for users\",\"rules\":{}},\"phone\":{\"label\":\"Phone\",\"rules\":{}},\"prefix\":{\"label\":\"Prefix list\",\"rules\":{}},\"format\":{\"label\":\"Format hint text\",\"rules\":{}}}},\"title\":\"Telefonnummer\",\"required\":false,\"exclude\":false,\"readonly\":false,\"dformat\":\"##########\",\"dseparator\":\"space\",\"predefined\":\"888 888 8888\",\"predefinedClick\":true,\"countryComponent\":false,\"toDisplay\":\"iso\",\"includeFlags\":true,\"includeCountryNames\":false,\"countries\":[\"CH\"],\"defaultCountry\":\"\",\"dynamic\":true,\"size\":\"small\",\"fBuild\":{},\"parent\":\"\"},{\"form_identifier\":\"\",\"name\":\"fieldname4\",\"fieldlayout\":\"default\",\"shortlabel\":\"\",\"index\":5,\"ftype\":\"ftextarea\",\"userhelp\":\"Max 320 characters\",\"audiotutorial\":\"\",\"userhelpTooltip\":false,\"tooltipIcon\":false,\"csslayout\":\"\",\"hidefield\":false,\"advanced\":{\"css\":{\"container\":{\"label\":\"Field container div tag\",\"rules\":{}},\"label\":{\"label\":\"Field label\",\"rules\":{}},\"input\":{\"label\":\"Input tag\",\"rules\":{}},\"help\":{\"label\":\"Instructions for users\",\"rules\":{}},\"textarea\":{\"label\":\"Text area\",\"rules\":{}}}},\"title\":\"Bemerkung\",\"autocomplete\":\"off\",\"predefined\":\"\",\"predefinedClick\":false,\"required\":false,\"exclude\":false,\"accept_html\":false,\"readonly\":false,\"size\":\"large\",\"minlength\":\"\",\"maxlength\":\"320\",\"rows\":\"5\",\"aiAssistant\":false,\"fBuild\":{},\"parent\":\"\"},{\"form_identifier\":\"\",\"name\":\"fieldname1\",\"fieldlayout\":\"default\",\"shortlabel\":\"\",\"index\":6,\"ftype\":\"ftext\",\"userhelp\":\"\",\"audiotutorial\":\"\",\"userhelpTooltip\":false,\"tooltipIcon\":false,\"csslayout\":\"\",\"hidefield\":false,\"advanced\":{\"css\":{\"container\":{\"label\":\"Field container div tag\",\"rules\":{}},\"label\":{\"label\":\"Field label\",\"rules\":{}},\"input\":{\"label\":\"Input tag\",\"rules\":{}},\"help\":{\"label\":\"Instructions for users\",\"rules\":{}}}},\"title\":\"Vorname\",\"autocomplete\":\"off\",\"predefined\":\"\",\"predefinedClick\":false,\"required\":true,\"exclude\":false,\"accept_html\":false,\"readonly\":false,\"size\":\"large\",\"minlength\":\"\",\"maxlength\":\"\",\"equalTo\":\"\",\"regExp\":\"\",\"regExpMssg\":\"\",\"aiAssistant\":false,\"fBuild\":{},\"parent\":\"fieldname6\"},{\"form_identifier\":\"\",\"name\":\"fieldname2\",\"fieldlayout\":\"default\",\"shortlabel\":\"\",\"index\":7,\"ftype\":\"ftext\",\"userhelp\":\"\",\"audiotutorial\":\"\",\"userhelpTooltip\":false,\"tooltipIcon\":false,\"csslayout\":\"\",\"hidefield\":false,\"advanced\":{\"css\":{\"container\":{\"label\":\"Field container div tag\",\"rules\":{}},\"label\":{\"label\":\"Field label\",\"rules\":{}},\"input\":{\"label\":\"Input tag\",\"rules\":{}},\"help\":{\"label\":\"Instructions for users\",\"rules\":{}}}},\"title\":\"Nachname\",\"autocomplete\":\"off\",\"predefined\":\"\",\"predefinedClick\":false,\"required\":true,\"exclude\":false,\"accept_html\":false,\"readonly\":false,\"size\":\"large\",\"minlength\":\"\",\"maxlength\":\"\",\"equalTo\":\"\",\"regExp\":\"\",\"regExpMssg\":\"\",\"aiAssistant\":false,\"fBuild\":{},\"parent\":\"fieldname6\"}],{\"0\":{\"title\":\"\",\"titletag\":\"H2\",\"textalign\":\"default\",\"headertextcolor\":\"\",\"description\":\"\",\"formlayout\":\"top_aligned\",\"formtemplate\":\"cp_cff_13\",\"evalequations\":1,\"evalequations_delay\":0,\"evalequationsevent\":2,\"direction\":\"ltr\",\"loading_animation\":0,\"autocomplete\":1,\"persistence\":0,\"animate_form\":0,\"animation_effect\":\"fade\",\"customstyles\":\"\",\"advanced\":{\"css\":{\"header\":{\"label\":\"Form header\",\"rules\":{}},\"title\":{\"label\":\"Form title\",\"rules\":{}},\"description\":{\"label\":\"Form description\",\"rules\":{}},\"form\":{\"label\":\"Form area\",\"rules\":{}},\"buttons\":{\"label\":\"Form context buttons (Next page, Previous page, Submit)\",\"rules\":{}},\"buttons_hover\":{\"label\":\"Form context buttons hover\",\"rules\":{}},\"tooltips_icons\":{\"label\":\"Icons for instructions for users tooltips\",\"rules\":{}},\"tooltips\":{\"label\":\"Instructions for users tooltips\",\"rules\":{}},\"thanks_popup\":{\"label\":\"Thanks message popup\",\"rules\":{}},\"close_thanks_popup\":{\"label\":\"Thanks message popup close icon\",\"rules\":{}},\"error_popup\":{\"label\":\"Error message popup\",\"rules\":{}},\"close_error_popup\":{\"label\":\"Error popup close icon\",\"rules\":{}},\"error_bubble\":{\"label\":\"Error bubbles\",\"rules\":{}},\"error_bubble_arrow\":{\"label\":\"Error bubble arrow\",\"rules\":{\"border-bottom-color\":\"\"},\"restrict\":true},\"required_field_asterisk\":{\"label\":\"Asterisk for required fields\",\"rules\":{}}}},\"request_cost\":\"fieldname4\"},\"formid\":\"cp_calculatedfieldsf_pform_1\"}];<\/script><\/pre>\n<div id=\"fbuilder\">\n\t\t<div id=\"fbuilder_1\">\n\t\t<div id=\"formheader_1\"><\/div>\n\t\t<div id=\"fieldlist_1\"><\/div>\n\t\t<div class=\"clearer\"><\/div>\n\t<\/div>\n<\/div>\n\t<div id=\"cp_subbtn_1\" class=\"cp_subbtn\" style=\"display:none;\">Senden<\/div><div class=\"clearer\"><\/div>\n\t<input type=\"hidden\" id=\"_cpcff_public_nonce\" name=\"_cpcff_public_nonce\" value=\"1449588696\" \/><input type=\"hidden\" name=\"_wp_http_referer\" value=\"\/index.php?rest_route=%2Fwp%2Fv2%2Fpages%2F34\" \/><input type=\"hidden\" name=\"cff_form_start_time\" value=\"mTUid9pd3m71TvTW8dQ2Lg==\"><\/form>\n\t\n\n\n\n<div style=\"height:32px\" aria-hidden=\"true\" class=\"wp-block-spacer\"><\/div>\n\n\n\n<hr class=\"wp-block-separator has-css-opacity\"\/>\n\n\n","protected":false},"excerpt":{"rendered":"<p>Wenn Sie im Verein Starke Volksschule Z\u00fcrich Mitglied werden wollen, kontaktieren Sie uns \u00fcber untenstehendes Formular. Wir werden Ihre Daten vertraulich behandeln und nur f\u00fcr die direkten Anliegen des Vereins verwenden. Wir werden Ihre Daten nicht an Marketingagenturen oder nicht unserem Anliegen entsprechende Organisationen weitergeben.<\/p>\n","protected":false},"author":1,"featured_media":0,"parent":0,"menu_order":0,"comment_status":"closed","ping_status":"closed","template":"","meta":{"footnotes":""},"class_list":["post-34","page","type-page","status-publish","h-entry","hentry","h-as-page"],"aioseo_notices":[],"_links":{"self":[{"href":"https:\/\/www.starkevolksschulezh.ch\/index.php?rest_route=\/wp\/v2\/pages\/34","targetHints":{"allow":["GET"]}}],"collection":[{"href":"https:\/\/www.starkevolksschulezh.ch\/index.php?rest_route=\/wp\/v2\/pages"}],"about":[{"href":"https:\/\/www.starkevolksschulezh.ch\/index.php?rest_route=\/wp\/v2\/types\/page"}],"author":[{"embeddable":true,"href":"https:\/\/www.starkevolksschulezh.ch\/index.php?rest_route=\/wp\/v2\/users\/1"}],"replies":[{"embeddable":true,"href":"https:\/\/www.starkevolksschulezh.ch\/index.php?rest_route=%2Fwp%2Fv2%2Fcomments&post=34"}],"version-history":[{"count":13,"href":"https:\/\/www.starkevolksschulezh.ch\/index.php?rest_route=\/wp\/v2\/pages\/34\/revisions"}],"predecessor-version":[{"id":1712,"href":"https:\/\/www.starkevolksschulezh.ch\/index.php?rest_route=\/wp\/v2\/pages\/34\/revisions\/1712"}],"wp:attachment":[{"href":"https:\/\/www.starkevolksschulezh.ch\/index.php?rest_route=%2Fwp%2Fv2%2Fmedia&parent=34"}],"curies":[{"name":"wp","href":"https:\/\/api.w.org\/{rel}","templated":true}]}}