{"id":170,"date":"2019-03-14T07:49:04","date_gmt":"2019-03-14T06:49:04","guid":{"rendered":"https:\/\/www.starkevolksschulezh.ch\/?page_id=170"},"modified":"2019-04-04T09:14:41","modified_gmt":"2019-04-04T07:14:41","slug":"datenschutzerklaerung-2","status":"publish","type":"page","link":"https:\/\/www.starkevolksschulezh.ch\/?page_id=170","title":{"rendered":"Impressum und Datenschutzerkl\u00e4rung"},"content":{"rendered":"\n<h2 class=\"wp-block-heading\">Wer wir sind<\/h2>\n\n\n\n<p>Diese Webseite und deren Inhalt wird durch einen Verein ohne kommerzielle Interessen zur Verf\u00fcgung gestellt.<\/p>\n\n\n\n<h2 class=\"wp-block-heading\">Kontaktinformationen<\/h2>\n\n\n\n<p>\u00abStarke Volksschule Z\u00fcrich\u00bb<br>8000 Z\u00fcrich<br><br>info@starkevolksschulezh.ch<br><br>Die Adresse unserer Website ist: https:\/\/www.starkevolksschulezh.ch.<\/p>\n\n\n\n<h2 class=\"wp-block-heading\">Vertretungsberechtigte Personen<\/h2>\n\n\n\n<p>Timotheus Bruderer, Pr\u00e4sident<br>Markus Borner, Aktuar<br>Ursula Meier, Kasssierin<\/p>\n\n\n\n<h2 class=\"wp-block-heading\">Welche personenbezogenen Daten wir sammeln und warum wir sie sammeln<\/h2>\n\n\n\n<h3 class=\"wp-block-heading\">Kommentare<\/h3>\n\n\n\n<p>Wenn Besucher Kommentare auf der Website schreiben, sammeln wir die Daten, die im Kommentar-Formular angezeigt werden, au\u00dferdem die IP-Adresse des Besuchers und den User-Agent-String (damit wird der Browser identifiziert), um die Erkennung von Spam zu unterst\u00fctzen.<\/p>\n\n\n\n<p>Aus deiner E-Mail-Adresse kann eine anonymisierte Zeichenfolge erstellt (auch Hash genannt) und dem Gravatar-Dienst \u00fcbergeben werden, um zu pr\u00fcfen, ob du diesen benutzt. Die Datenschutzerkl\u00e4rung des Gravatar-Dienstes findest du hier: https:\/\/automattic.com\/privacy\/. Nachdem dein Kommentar freigegeben wurde, ist dein Profilbild \u00f6ffentlich im Kontext deines Kommentars sichtbar.<\/p>\n\n\n\n<h3 class=\"wp-block-heading\">Medien<\/h3>\n\n\n\n<p>Wenn du ein registrierter Benutzer bist und Fotos auf diese Website l\u00e4dst, solltest du vermeiden, Fotos mit einem EXIF-GPS-Standort hochzuladen. Besucher dieser Website k\u00f6nnten Fotos, die auf dieser Website gespeichert sind, herunterladen und deren Standort-Informationen extrahieren.<\/p>\n\n\n\n<h3 class=\"wp-block-heading\">Kontaktformulare<\/h3>\n\n\n\n<p>Wenn Sie Daten in ein Kontakt Formular eingeben werden diese ausschliesslich f\u00fcr den Zweck der Starken Volksschule eingesetzt. Insbesondere werden Ihre Daten nicht an Dritte weiter gegeben oder Vermarktet. F\u00fcr die Registrierung bei dem Newsletter verwenden wir die Dienstleistungen des Externen Anbieters  <br><a href=\"https:\/\/www.newsletter2go.de\">www.newsletter2go.de<\/a>  Auf der Webseite dieses Anbieters  <a href=\"https:\/\/www.newsletter2go.de\/datenschutz\/\">https:\/\/www.newsletter2go.de\/datenschutz\/<\/a> k\u00f6nnen Sie sich \u00fcber die dessen Datenschutzbestimmungen informieren.<\/p>\n\n\n\n<h3 class=\"wp-block-heading\">Cookies<\/h3>\n\n\n\n<p>Wenn du einen Kommentar auf unserer Website schreibst, kann das eine Einwilligung sein, deinen Namen, E-Mail-Adresse und Website in Cookies zu speichern. Dies ist eine Komfortfunktion, damit du nicht, wenn du einen weiteren Kommentar schreibst, all diese Daten erneut eingeben musst. Diese Cookies werden ein Jahr lang gespeichert.<\/p>\n\n\n\n<p>Falls du ein Konto hast und dich auf dieser Website anmeldest, werden wir ein tempor\u00e4res Cookie setzen, um festzustellen, ob dein Browser Cookies akzeptiert. Dieses Cookie enth\u00e4lt keine personenbezogenen Daten und wird verworfen, wenn du deinen Browser schlie\u00dft.<\/p>\n\n\n\n<p>Wenn du dich anmeldest, werden wir einige Cookies einrichten, um deine Anmeldeinformationen und Anzeigeoptionen zu speichern. Anmelde-Cookies verfallen nach zwei Tagen und Cookies f\u00fcr die Anzeigeoptionen nach einem Jahr. Falls du bei der Anmeldung \u201eAngemeldet bleiben\u201c ausw\u00e4hlst, wird deine Anmeldung zwei Wochen lang aufrechterhalten. Mit der Abmeldung aus deinem Konto werden die Anmelde-Cookies gel\u00f6scht.<\/p>\n\n\n\n<p>Wenn du einen Artikel bearbeitest oder ver\u00f6ffentlichst, wird ein zus\u00e4tzlicher Cookie in deinem Browser gespeichert. Dieser Cookie enth\u00e4lt keine personenbezogenen Daten und verweist nur auf die Beitrags-ID des Artikels, den du gerade bearbeitet hast. Der Cookie verf\u00e4llt nach einem Tag.<\/p>\n\n\n\n<h3 class=\"wp-block-heading\">Eingebettete Inhalte von anderen Websites<\/h3>\n\n\n\n<p>Beitr\u00e4ge auf dieser Website k\u00f6nnen eingebettete Inhalte beinhalten (z.&nbsp;B. Videos, Bilder, Beitr\u00e4ge etc.). Eingebettete Inhalte von anderen Websites verhalten sich exakt so, als ob der Besucher die andere Website besucht h\u00e4tte.<\/p>\n\n\n\n<p>Diese Websites k\u00f6nnen Daten \u00fcber dich sammeln, Cookies benutzen, zus\u00e4tzliche Tracking-Dienste von Dritten einbetten und deine Interaktion mit diesem eingebetteten Inhalt aufzeichnen, inklusive deiner Interaktion mit dem eingebetteten Inhalt, falls du ein Konto hast und auf dieser Website angemeldet bist.<\/p>\n\n\n\n<h2 class=\"wp-block-heading\">Wie lange wir deine Daten speichern<\/h2>\n\n\n\n<p>Wenn du einen Kommentar schreibst, wird dieser inklusive Metadaten zeitlich unbegrenzt gespeichert. Auf diese Art k\u00f6nnen wir Folgekommentare automatisch erkennen und freigeben, anstelle sie in einer Moderations-Warteschlange festzuhalten.<\/p>\n\n\n\n<p>F\u00fcr Benutzer, die sich auf unserer Website registrieren, speichern wir zus\u00e4tzlich die pers\u00f6nlichen Informationen, die sie in ihren Benutzerprofilen angeben. Administratoren der Website k\u00f6nnen diese Informationen einsehen und auf Wunsch l\u00f6schen ver\u00e4ndern.<\/p>\n\n\n\n<h2 class=\"wp-block-heading\">Welche Rechte du an deinen Daten hast<\/h2>\n\n\n\n<p>Wenn du ein Konto auf dieser Website besitzt oder Kommentare geschrieben hast, kannst du einen Export deiner personenbezogenen Daten bei uns anfordern, inklusive aller Daten, die du uns mitgeteilt hast. Dar\u00fcber hinaus kannst du die L\u00f6schung aller personenbezogenen Daten, die wir von dir gespeichert haben, anfordern. Dies umfasst nicht die Daten, die wir aufgrund administrativer, rechtlicher oder sicherheitsrelevanter Notwendigkeiten aufbewahren m\u00fcssen.<\/p>\n\n\n\n<h2 class=\"wp-block-heading\">Datenschutz<\/h2>\n\n\n\n<p>Gest\u00fctzt auf Artikel 13 der schweizerischen Bundesverfassung und die datenschutzrechtlichen Bestimmungen des Bundes (Datenschutzgesetz, DSG) hat jede Person Anspruch auf Schutz ihrer Privatsph\u00e4re sowie auf Schutz vor Missbrauch ihrer pers\u00f6nlichen Daten. Wir halten diese Bestimmungen ein. Pers\u00f6nliche Daten werden streng vertraulich behandelt und weder an Dritte verkauft noch weiter gegeben.<\/p>\n\n\n\n<p>In enger Zusammenarbeit mit unseren Hosting-Providern bem\u00fchen wir uns, die Datenbanken so gut wie m\u00f6glich vor fremden Zugriffen, Verlusten, Missbrauch oder vor F\u00e4lschung zu sch\u00fctzen.<\/p>\n\n\n\n<p>Beim Zugriff auf unsere Webseiten werden folgende Daten in Logfiles gespeichert: IP-Adresse, Datum, Uhrzeit, Browser-Anfrage und allg. \u00fcbertragene Informationen zum Betriebssystem resp. Browser. Diese Nutzungsdaten bilden die Basis f\u00fcr statistische, anonyme Auswertungen, so dass Trends erkennbar sind, anhand derer wir unsere Angebote entsprechend verbessern k\u00f6nnen.<\/p>\n\n\n\n<p>Besucher-Kommentare k\u00f6nnten von einem automatisierten Dienst zur Spam-Erkennung untersucht werden.<\/p>\n\n\n\n<h2 class=\"wp-block-heading\">Deine Kontakt-Informationen<\/h2>\n\n\n\n<p><\/p>\n\n\n\n<p>\u00abStarke Volksschule Z\u00fcrich\u00bb<br>8000 Z\u00fcrich<\/p>\n\n\n\n<p>info@www.starkevolksschulezh.ch<\/p>\n\n\n\n<p>Pr\u00e4sident: Timotheus Bruderer, Wetzikon<\/p>\n\n\n\n<p><a href=\"https:\/\/www.starkevolksschulezh.ch\/?page_id=149\">https:\/\/www.starkevolksschulezh.ch\/?page_id=149<\/a><br><br>und<br><br><a href=\"https:\/\/www.starkevolksschulezh.ch\/?page_id=56\">https:\/\/www.starkevolksschulezh.ch\/?page_id=56<\/a><\/p>\n\n\n\n<h2 class=\"wp-block-heading\">Haftungsausschluss<\/h2>\n\n\n\n<p>Der Autor \u00fcbernimmt keinerlei Gew\u00e4hr hinsichtlich der inhaltlichen Richtigkeit, Genauigkeit, Aktualit\u00e4t, Zuverl\u00e4ssigkeit und Vollst\u00e4ndigkeit der Informationen.<\/p>\n\n\n\n<p>Haftungsanspr\u00fcche gegen den Autor wegen Sch\u00e4den materieller oder immaterieller Art, welche aus dem Zugriff oder der Nutzung bzw. Nichtnutzung der ver\u00f6ffentlichten Informationen, durch Missbrauch der Verbindung oder durch technische St\u00f6rungen entstanden sind, werden ausgeschlossen.<\/p>\n","protected":false},"excerpt":{"rendered":"<p>Wer wir sind Diese Webseite und deren Inhalt wird durch einen Verein ohne kommerzielle Interessen zur Verf\u00fcgung gestellt. Kontaktinformationen \u00abStarke Volksschule Z\u00fcrich\u00bb8000 Z\u00fcrich info@starkevolksschulezh.ch Die Adresse unserer Website ist: https:\/\/www.starkevolksschulezh.ch. Vertretungsberechtigte Personen Timotheus Bruderer, Pr\u00e4sidentMarkus Borner, AktuarUrsula Meier, Kasssierin Welche personenbezogenen Daten wir sammeln und warum wir sie sammeln Kommentare Wenn Besucher Kommentare auf der <a href=\"https:\/\/www.starkevolksschulezh.ch\/?page_id=170\" class=\"more-link\">...weiterlesen<span class=\"screen-reader-text\"> \"Impressum und Datenschutzerkl\u00e4rung\"<\/span><\/a><\/p>\n","protected":false},"author":3,"featured_media":0,"parent":0,"menu_order":0,"comment_status":"closed","ping_status":"closed","template":"","meta":{"footnotes":""},"class_list":["post-170","page","type-page","status-publish","h-entry","hentry","h-as-page"],"aioseo_notices":[],"_links":{"self":[{"href":"https:\/\/www.starkevolksschulezh.ch\/index.php?rest_route=\/wp\/v2\/pages\/170","targetHints":{"allow":["GET"]}}],"collection":[{"href":"https:\/\/www.starkevolksschulezh.ch\/index.php?rest_route=\/wp\/v2\/pages"}],"about":[{"href":"https:\/\/www.starkevolksschulezh.ch\/index.php?rest_route=\/wp\/v2\/types\/page"}],"author":[{"embeddable":true,"href":"https:\/\/www.starkevolksschulezh.ch\/index.php?rest_route=\/wp\/v2\/users\/3"}],"replies":[{"embeddable":true,"href":"https:\/\/www.starkevolksschulezh.ch\/index.php?rest_route=%2Fwp%2Fv2%2Fcomments&post=170"}],"version-history":[{"count":5,"href":"https:\/\/www.starkevolksschulezh.ch\/index.php?rest_route=\/wp\/v2\/pages\/170\/revisions"}],"predecessor-version":[{"id":387,"href":"https:\/\/www.starkevolksschulezh.ch\/index.php?rest_route=\/wp\/v2\/pages\/170\/revisions\/387"}],"wp:attachment":[{"href":"https:\/\/www.starkevolksschulezh.ch\/index.php?rest_route=%2Fwp%2Fv2%2Fmedia&parent=170"}],"curies":[{"name":"wp","href":"https:\/\/api.w.org\/{rel}","templated":true}]}}